{"id":9352,"date":"2024-11-27T11:39:47","date_gmt":"2024-11-27T11:39:47","guid":{"rendered":"https:\/\/ero-travel.com\/?page_id=9352"},"modified":"2025-12-29T10:06:13","modified_gmt":"2025-12-29T10:06:13","slug":"rent-a-bike","status":"publish","type":"page","link":"https:\/\/ero-travel.com\/hr\/rent-a-bike\/","title":{"rendered":"RENT A BIKE"},"content":{"rendered":"<div style=\"height:30px\" aria-hidden=\"true\" class=\"wp-block-spacer\"><\/div>\n\n\n\n<p><mark style=\"background-color:rgba(0, 0, 0, 0)\" class=\"has-inline-color has-black-color\">Mo\u017eda ne postoji bolje mjesto za biciklizam od Bosne i Hercegovine \u2014 barem mi tako volimo vjerovati. Ovdje se rijeke, more i planine susre\u0107u na jednom mjestu, nude\u0107i obilje zadivljuju\u0107ih biciklisti\u010dkih ruta! Hercegovina je prepuna prekrasnih staza za bicikliste u gotovo svim smjerovima. Bilo da ste ljubitelj cestovnog biciklizma, sve popularnijih vo\u017enji na svestranim gravel biciklima ili ste okorjeli zaljubljenik u brdski biciklizam, Hercegovina \u0107e vas svojom raznoliko\u0161\u0107u i ljepotom osvojiti zauvijek.<\/mark><\/p>\n\n\n\n<h4 class=\"wp-block-heading\" id=\"h-rent-a-bike-mostar-dozivljaj-na-dva-kotaca\"><strong>Iznajmite bicikl: Iskustvo na dva kota\u010da<\/strong><\/h4>\n\n\n\n<p><mark style=\"background-color:rgba(0, 0, 0, 0)\" class=\"has-inline-color has-black-color\">Ne postoji bolji na\u010din da osjetite puls Bosne i Hercegovine od vo\u017enje biciklom. Uz na\u0161 jednostavan sustav najma, niste samo gost \u2014 postajete dio dinami\u010dnog \u017eivota. Biciklirajte povijesnim ulicama grada, u\u017eivajte u opu\u0161tenoj vo\u017enji uz rijeku Neretvu, uspnite se na neku od planina \u2014 izbor je na vama.<\/mark><\/p>\n\n\n\n<div class=\"wp-block-media-text is-stacked-on-mobile\"><figure class=\"wp-block-media-text__media\"><img loading=\"lazy\" decoding=\"async\" width=\"1024\" height=\"683\" src=\"https:\/\/ero-travel.com\/wp-content\/uploads\/2025\/12\/507995340_1417548099793013_3294277975379995684_n-1024x683.jpg\" alt=\"\" class=\"wp-image-10153 size-full\" srcset=\"https:\/\/ero-travel.com\/wp-content\/uploads\/2025\/12\/507995340_1417548099793013_3294277975379995684_n-1024x683.jpg 1024w, https:\/\/ero-travel.com\/wp-content\/uploads\/2025\/12\/507995340_1417548099793013_3294277975379995684_n-300x200.jpg 300w, https:\/\/ero-travel.com\/wp-content\/uploads\/2025\/12\/507995340_1417548099793013_3294277975379995684_n-768x512.jpg 768w, https:\/\/ero-travel.com\/wp-content\/uploads\/2025\/12\/507995340_1417548099793013_3294277975379995684_n-1536x1024.jpg 1536w, https:\/\/ero-travel.com\/wp-content\/uploads\/2025\/12\/507995340_1417548099793013_3294277975379995684_n-18x12.jpg 18w, https:\/\/ero-travel.com\/wp-content\/uploads\/2025\/12\/507995340_1417548099793013_3294277975379995684_n-1500x1000.jpg 1500w, https:\/\/ero-travel.com\/wp-content\/uploads\/2025\/12\/507995340_1417548099793013_3294277975379995684_n.jpg 2048w\" sizes=\"auto, (max-width: 1024px) 100vw, 1024px\" \/><\/figure><div class=\"wp-block-media-text__content\">\n<p><em>Dobrodo\u0161li u Bosnu i Hercegovinu, mjesto gdje svaki kutak pri\u010da svoju pri\u010du. Za avanturiste koji tra\u017ee jedinstvena iskustva, najam bicikla ili e-bicikla nudi nezaboravno putovanje kroz \u017eivahni \u017eivot na otvorenom.<\/em><\/p>\n\n\n\n<div class=\"wp-block-buttons is-content-justification-center is-layout-flex wp-container-core-buttons-is-layout-5590e8cb wp-block-buttons-is-layout-flex\">\n<div class=\"wp-block-button is-style-fill\"><a class=\"wp-block-button__link has-text-align-center wp-element-button\" href=\"https:\/\/api.whatsapp.com\/send?phone=+38763766160&amp;text=Hi%20ERO%20Travel%2C%20I%20would%20like%20to%20rent%20a%20Bike%20%F0%9F%9A%B4%E2%80%8D%E2%99%82%EF%B8%8F\" target=\"_blank\" rel=\"noreferrer noopener\"><strong><mark style=\"background-color:rgba(0, 0, 0, 0);color:#25d366\" class=\"has-inline-color\">WhatsApp Kontakt<\/mark> <br> <mark style=\"background-color:rgba(0, 0, 0, 0)\" class=\"has-inline-color has-white-color\">+387 63 766 160<\/mark><\/strong><\/a><\/div>\n<\/div>\n<\/div><\/div>","protected":false},"excerpt":{"rendered":"<p>There may be no better place for cycling than Bosnia and Herzegovina \u2014 at least, that\u2019s what we like to believe. Here, rivers, the sea, and mountains come together in one place, offering an abundance of breathtaking cycling routes. Herzegovina is filled with beautiful trails for cyclists in almost every direction. Whether you are a [&hellip;]<\/p>","protected":false},"author":2,"featured_media":9233,"parent":0,"menu_order":0,"comment_status":"closed","ping_status":"closed","template":"","meta":{"footnotes":""},"class_list":["post-9352","page","type-page","status-publish","has-post-thumbnail","hentry"],"yoast_head":"<!-- This site is optimized with the Yoast SEO plugin v26.9 - https:\/\/yoast.com\/product\/yoast-seo-wordpress\/ -->\n<title>RENT A BIKE - Ero Travel<\/title>\n<meta name=\"description\" content=\"There might be no better place for cycling than Bosnia and Herzegovina\u2014at least, that&#039;s what we like to believe.\" \/>\n<meta name=\"robots\" content=\"index, follow, max-snippet:-1, max-image-preview:large, max-video-preview:-1\" \/>\n<link rel=\"canonical\" href=\"https:\/\/ero-travel.com\/hr\/rent-a-bike\/\" \/>\n<meta property=\"og:locale\" content=\"hr_HR\" \/>\n<meta property=\"og:type\" content=\"article\" \/>\n<meta property=\"og:title\" content=\"RENT A BIKE - Ero Travel\" \/>\n<meta property=\"og:description\" content=\"There might be no better place for cycling than Bosnia and Herzegovina\u2014at least, that&#039;s what we like to believe.\" \/>\n<meta property=\"og:url\" content=\"https:\/\/ero-travel.com\/hr\/rent-a-bike\/\" \/>\n<meta property=\"og:site_name\" content=\"Ero Travel\" \/>\n<meta property=\"article:publisher\" content=\"https:\/\/www.facebook.com\/erotravel\" \/>\n<meta property=\"article:modified_time\" content=\"2025-12-29T10:06:13+00:00\" \/>\n<meta property=\"og:image\" content=\"https:\/\/ero-travel.com\/wp-content\/uploads\/2024\/09\/Ciro-Trail-Mo-Du-19.jpg\" \/>\n\t<meta property=\"og:image:width\" content=\"1200\" \/>\n\t<meta property=\"og:image:height\" content=\"800\" \/>\n\t<meta property=\"og:image:type\" content=\"image\/jpeg\" \/>\n<meta name=\"twitter:card\" content=\"summary_large_image\" \/>\n<meta name=\"twitter:label1\" content=\"Procijenjeno vrijeme \u010ditanja\" \/>\n\t<meta name=\"twitter:data1\" content=\"14 minuta\" \/>\n<script type=\"application\/ld+json\" class=\"yoast-schema-graph\">{\"@context\":\"https:\/\/schema.org\",\"@graph\":[{\"@type\":\"WebPage\",\"@id\":\"https:\/\/ero-travel.com\/rent-a-bike\/\",\"url\":\"https:\/\/ero-travel.com\/rent-a-bike\/\",\"name\":\"RENT A BIKE - Ero Travel\",\"isPartOf\":{\"@id\":\"https:\/\/ero-travel.com\/#website\"},\"primaryImageOfPage\":{\"@id\":\"https:\/\/ero-travel.com\/rent-a-bike\/#primaryimage\"},\"image\":{\"@id\":\"https:\/\/ero-travel.com\/rent-a-bike\/#primaryimage\"},\"thumbnailUrl\":\"https:\/\/ero-travel.com\/wp-content\/uploads\/2024\/09\/Ciro-Trail-Mo-Du-19.jpg\",\"datePublished\":\"2024-11-27T11:39:47+00:00\",\"dateModified\":\"2025-12-29T10:06:13+00:00\",\"description\":\"There might be no better place for cycling than Bosnia and Herzegovina\u2014at least, that's what we like to believe.\",\"breadcrumb\":{\"@id\":\"https:\/\/ero-travel.com\/rent-a-bike\/#breadcrumb\"},\"inLanguage\":\"hr\",\"potentialAction\":[{\"@type\":\"ReadAction\",\"target\":[\"https:\/\/ero-travel.com\/rent-a-bike\/\"]}]},{\"@type\":\"ImageObject\",\"inLanguage\":\"hr\",\"@id\":\"https:\/\/ero-travel.com\/rent-a-bike\/#primaryimage\",\"url\":\"https:\/\/ero-travel.com\/wp-content\/uploads\/2024\/09\/Ciro-Trail-Mo-Du-19.jpg\",\"contentUrl\":\"https:\/\/ero-travel.com\/wp-content\/uploads\/2024\/09\/Ciro-Trail-Mo-Du-19.jpg\",\"width\":1200,\"height\":800},{\"@type\":\"BreadcrumbList\",\"@id\":\"https:\/\/ero-travel.com\/rent-a-bike\/#breadcrumb\",\"itemListElement\":[{\"@type\":\"ListItem\",\"position\":1,\"name\":\"Home\",\"item\":\"https:\/\/ero-travel.com\/\"},{\"@type\":\"ListItem\",\"position\":2,\"name\":\"RENT A BIKE\"}]},{\"@type\":\"WebSite\",\"@id\":\"https:\/\/ero-travel.com\/#website\",\"url\":\"https:\/\/ero-travel.com\/\",\"name\":\"Ero Travel\",\"description\":\"\",\"publisher\":{\"@id\":\"https:\/\/ero-travel.com\/#organization\"},\"potentialAction\":[{\"@type\":\"SearchAction\",\"target\":{\"@type\":\"EntryPoint\",\"urlTemplate\":\"https:\/\/ero-travel.com\/?s={search_term_string}\"},\"query-input\":{\"@type\":\"PropertyValueSpecification\",\"valueRequired\":true,\"valueName\":\"search_term_string\"}}],\"inLanguage\":\"hr\"},{\"@type\":\"Organization\",\"@id\":\"https:\/\/ero-travel.com\/#organization\",\"name\":\"Ero Travel\",\"url\":\"https:\/\/ero-travel.com\/\",\"logo\":{\"@type\":\"ImageObject\",\"inLanguage\":\"hr\",\"@id\":\"https:\/\/ero-travel.com\/#\/schema\/logo\/image\/\",\"url\":\"https:\/\/ero-travel.com\/wp-content\/uploads\/2021\/07\/logo-ero.png\",\"contentUrl\":\"https:\/\/ero-travel.com\/wp-content\/uploads\/2021\/07\/logo-ero.png\",\"width\":159,\"height\":67,\"caption\":\"Ero Travel\"},\"image\":{\"@id\":\"https:\/\/ero-travel.com\/#\/schema\/logo\/image\/\"},\"sameAs\":[\"https:\/\/www.facebook.com\/erotravel\",\"https:\/\/www.instagram.com\/ero.travel\/\",\"https:\/\/www.youtube.com\/channel\/UCxIJlGz8HOSsNoLmJChTftw\/featured\"]}]}<\/script>\n<!-- \/ Yoast SEO plugin. -->","yoast_head_json":{"title":"RENT A BIKE - Ero Travel","description":"There might be no better place for cycling than Bosnia and Herzegovina\u2014at least, that's what we like to believe.","robots":{"index":"index","follow":"follow","max-snippet":"max-snippet:-1","max-image-preview":"max-image-preview:large","max-video-preview":"max-video-preview:-1"},"canonical":"https:\/\/ero-travel.com\/hr\/rent-a-bike\/","og_locale":"hr_HR","og_type":"article","og_title":"RENT A BIKE - Ero Travel","og_description":"There might be no better place for cycling than Bosnia and Herzegovina\u2014at least, that's what we like to believe.","og_url":"https:\/\/ero-travel.com\/hr\/rent-a-bike\/","og_site_name":"Ero Travel","article_publisher":"https:\/\/www.facebook.com\/erotravel","article_modified_time":"2025-12-29T10:06:13+00:00","og_image":[{"width":1200,"height":800,"url":"https:\/\/ero-travel.com\/wp-content\/uploads\/2024\/09\/Ciro-Trail-Mo-Du-19.jpg","type":"image\/jpeg"}],"twitter_card":"summary_large_image","twitter_misc":{"Procijenjeno vrijeme \u010ditanja":"14 minuta"},"schema":{"@context":"https:\/\/schema.org","@graph":[{"@type":"WebPage","@id":"https:\/\/ero-travel.com\/rent-a-bike\/","url":"https:\/\/ero-travel.com\/rent-a-bike\/","name":"RENT A BIKE - Ero Travel","isPartOf":{"@id":"https:\/\/ero-travel.com\/#website"},"primaryImageOfPage":{"@id":"https:\/\/ero-travel.com\/rent-a-bike\/#primaryimage"},"image":{"@id":"https:\/\/ero-travel.com\/rent-a-bike\/#primaryimage"},"thumbnailUrl":"https:\/\/ero-travel.com\/wp-content\/uploads\/2024\/09\/Ciro-Trail-Mo-Du-19.jpg","datePublished":"2024-11-27T11:39:47+00:00","dateModified":"2025-12-29T10:06:13+00:00","description":"There might be no better place for cycling than Bosnia and Herzegovina\u2014at least, that's what we like to believe.","breadcrumb":{"@id":"https:\/\/ero-travel.com\/rent-a-bike\/#breadcrumb"},"inLanguage":"hr","potentialAction":[{"@type":"ReadAction","target":["https:\/\/ero-travel.com\/rent-a-bike\/"]}]},{"@type":"ImageObject","inLanguage":"hr","@id":"https:\/\/ero-travel.com\/rent-a-bike\/#primaryimage","url":"https:\/\/ero-travel.com\/wp-content\/uploads\/2024\/09\/Ciro-Trail-Mo-Du-19.jpg","contentUrl":"https:\/\/ero-travel.com\/wp-content\/uploads\/2024\/09\/Ciro-Trail-Mo-Du-19.jpg","width":1200,"height":800},{"@type":"BreadcrumbList","@id":"https:\/\/ero-travel.com\/rent-a-bike\/#breadcrumb","itemListElement":[{"@type":"ListItem","position":1,"name":"Home","item":"https:\/\/ero-travel.com\/"},{"@type":"ListItem","position":2,"name":"RENT A BIKE"}]},{"@type":"WebSite","@id":"https:\/\/ero-travel.com\/#website","url":"https:\/\/ero-travel.com\/","name":"Ero Travel","description":"","publisher":{"@id":"https:\/\/ero-travel.com\/#organization"},"potentialAction":[{"@type":"SearchAction","target":{"@type":"EntryPoint","urlTemplate":"https:\/\/ero-travel.com\/?s={search_term_string}"},"query-input":{"@type":"PropertyValueSpecification","valueRequired":true,"valueName":"search_term_string"}}],"inLanguage":"hr"},{"@type":"Organization","@id":"https:\/\/ero-travel.com\/#organization","name":"Ero Travel","url":"https:\/\/ero-travel.com\/","logo":{"@type":"ImageObject","inLanguage":"hr","@id":"https:\/\/ero-travel.com\/#\/schema\/logo\/image\/","url":"https:\/\/ero-travel.com\/wp-content\/uploads\/2021\/07\/logo-ero.png","contentUrl":"https:\/\/ero-travel.com\/wp-content\/uploads\/2021\/07\/logo-ero.png","width":159,"height":67,"caption":"Ero Travel"},"image":{"@id":"https:\/\/ero-travel.com\/#\/schema\/logo\/image\/"},"sameAs":["https:\/\/www.facebook.com\/erotravel","https:\/\/www.instagram.com\/ero.travel\/","https:\/\/www.youtube.com\/channel\/UCxIJlGz8HOSsNoLmJChTftw\/featured"]}]}},"_links":{"self":[{"href":"https:\/\/ero-travel.com\/hr\/wp-json\/wp\/v2\/pages\/9352","targetHints":{"allow":["GET"]}}],"collection":[{"href":"https:\/\/ero-travel.com\/hr\/wp-json\/wp\/v2\/pages"}],"about":[{"href":"https:\/\/ero-travel.com\/hr\/wp-json\/wp\/v2\/types\/page"}],"author":[{"embeddable":true,"href":"https:\/\/ero-travel.com\/hr\/wp-json\/wp\/v2\/users\/2"}],"replies":[{"embeddable":true,"href":"https:\/\/ero-travel.com\/hr\/wp-json\/wp\/v2\/comments?post=9352"}],"version-history":[{"count":5,"href":"https:\/\/ero-travel.com\/hr\/wp-json\/wp\/v2\/pages\/9352\/revisions"}],"predecessor-version":[{"id":11807,"href":"https:\/\/ero-travel.com\/hr\/wp-json\/wp\/v2\/pages\/9352\/revisions\/11807"}],"wp:featuredmedia":[{"embeddable":true,"href":"https:\/\/ero-travel.com\/hr\/wp-json\/wp\/v2\/media\/9233"}],"wp:attachment":[{"href":"https:\/\/ero-travel.com\/hr\/wp-json\/wp\/v2\/media?parent=9352"}],"curies":[{"name":"wp","href":"https:\/\/api.w.org\/{rel}","templated":true}]}}